{"id":166,"date":"2013-07-18T15:48:45","date_gmt":"2013-07-18T15:48:45","guid":{"rendered":"http:\/\/makom.megaart.de\/?page_id=166"},"modified":"2015-07-27T14:58:34","modified_gmt":"2015-07-27T14:58:34","slug":"textile-architektur","status":"publish","type":"page","link":"https:\/\/www.makom.net\/?page_id=166","title":{"rendered":"Textile Architektur"},"content":{"rendered":"<p>&nbsp;<\/p>\n<p><span style=\"font-family: arial, helvetica, sans-serif; font-size: 14px;\">Vielf\u00e4ltige Eigenschaften, Kreativit\u00e4t und \u00c4sthetik machen Textilien zu einem hochinteressanten architektonischen Material. Niedrige Kosten werden mit hoher Lebensdauer und ressourcenschonendem Materialeinsatz vereint.<\/span><\/p>\n<p><span style=\"font-family: arial, helvetica, sans-serif; font-size: 14px;\">Textile Architektur, bedruckt oder einfarbig, innen oder au\u00dfen, bietet Schutz vor W\u00e4rme, K\u00e4lte und Regen, d\u00e4mpft Ger\u00e4usche und erm\u00f6glicht es den Lichteinfall und die Sicht durch dekorative Elemente auch mit Hinterleuchtung zu steuern.<\/span><\/p>\n","protected":false},"excerpt":{"rendered":"<p>&nbsp; Vielf\u00e4ltige Eigenschaften, Kreativit\u00e4t und \u00c4sthetik machen Textilien zu einem hochinteressanten architektonischen Material. Niedrige Kosten werden mit hoher Lebensdauer und ressourcenschonendem Materialeinsatz vereint. Textile Architektur, bedruckt oder einfarbig, innen oder au\u00dfen, bietet Schutz vor W\u00e4rme, K\u00e4lte und Regen, d\u00e4mpft Ger\u00e4usche und erm\u00f6glicht es den Lichteinfall und die Sicht durch dekorative Elemente auch mit Hinterleuchtung zu steuern.<\/p>\n","protected":false},"author":1,"featured_media":0,"parent":26,"menu_order":0,"comment_status":"open","ping_status":"open","template":"","meta":[],"_links":{"self":[{"href":"https:\/\/www.makom.net\/index.php?rest_route=\/wp\/v2\/pages\/166"}],"collection":[{"href":"https:\/\/www.makom.net\/index.php?rest_route=\/wp\/v2\/pages"}],"about":[{"href":"https:\/\/www.makom.net\/index.php?rest_route=\/wp\/v2\/types\/page"}],"author":[{"embeddable":true,"href":"https:\/\/www.makom.net\/index.php?rest_route=\/wp\/v2\/users\/1"}],"replies":[{"embeddable":true,"href":"https:\/\/www.makom.net\/index.php?rest_route=%2Fwp%2Fv2%2Fcomments&post=166"}],"version-history":[{"count":2,"href":"https:\/\/www.makom.net\/index.php?rest_route=\/wp\/v2\/pages\/166\/revisions"}],"predecessor-version":[{"id":1524,"href":"https:\/\/www.makom.net\/index.php?rest_route=\/wp\/v2\/pages\/166\/revisions\/1524"}],"up":[{"embeddable":true,"href":"https:\/\/www.makom.net\/index.php?rest_route=\/wp\/v2\/pages\/26"}],"wp:attachment":[{"href":"https:\/\/www.makom.net\/index.php?rest_route=%2Fwp%2Fv2%2Fmedia&parent=166"}],"curies":[{"name":"wp","href":"https:\/\/api.w.org\/{rel}","templated":true}]}}