{"id":2,"date":"2013-07-09T10:18:21","date_gmt":"2013-07-09T10:18:21","guid":{"rendered":"http:\/\/makom.megaart.de\/?page_id=2"},"modified":"2020-09-08T14:35:23","modified_gmt":"2020-09-08T14:35:23","slug":"sample-page","status":"publish","type":"page","link":"https:\/\/www.makom.net\/","title":{"rendered":"M@kom &#8211; kreativ im Bereich Visuelle Kommunikation"},"content":{"rendered":"<p>Obgleich\u00a0wir in vielen Aspekten zurecht als\u00a0Vorreiter der Gro\u00dffl\u00e4chenkommunikation gelten, verstehen wir uns als &#8216;lernendes Unternehmen&#8217;, das auf die wechselnden Anforderungen des Marktes und seine Kunden flexibel reagiert.<br \/>Auch k\u00fcnftig werden wir die visuelle Kommunikation aktiv durch eigene Ideen weiterentwickeln und sind \u00fcberzeugt, noch viele so faszinierende wie effiziente Design-Projekte mit und f\u00fcr unsere Kunden zu realisieren.<\/p>\n\n\n<p><\/p>\n","protected":false},"excerpt":{"rendered":"<p>Obgleich\u00a0wir in vielen Aspekten zurecht als\u00a0Vorreiter der Gro\u00dffl\u00e4chenkommunikation gelten, verstehen wir uns als &#8216;lernendes Unternehmen&#8217;, das auf die wechselnden Anforderungen des Marktes und seine Kunden flexibel reagiert.Auch k\u00fcnftig werden wir die visuelle Kommunikation aktiv durch eigene Ideen weiterentwickeln und sind \u00fcberzeugt, noch viele so faszinierende wie effiziente Design-Projekte mit und f\u00fcr unsere Kunden zu realisieren.<\/p>\n","protected":false},"author":1,"featured_media":0,"parent":0,"menu_order":0,"comment_status":"open","ping_status":"open","template":"","meta":[],"_links":{"self":[{"href":"https:\/\/www.makom.net\/index.php?rest_route=\/wp\/v2\/pages\/2"}],"collection":[{"href":"https:\/\/www.makom.net\/index.php?rest_route=\/wp\/v2\/pages"}],"about":[{"href":"https:\/\/www.makom.net\/index.php?rest_route=\/wp\/v2\/types\/page"}],"author":[{"embeddable":true,"href":"https:\/\/www.makom.net\/index.php?rest_route=\/wp\/v2\/users\/1"}],"replies":[{"embeddable":true,"href":"https:\/\/www.makom.net\/index.php?rest_route=%2Fwp%2Fv2%2Fcomments&post=2"}],"version-history":[{"count":36,"href":"https:\/\/www.makom.net\/index.php?rest_route=\/wp\/v2\/pages\/2\/revisions"}],"predecessor-version":[{"id":10712,"href":"https:\/\/www.makom.net\/index.php?rest_route=\/wp\/v2\/pages\/2\/revisions\/10712"}],"wp:attachment":[{"href":"https:\/\/www.makom.net\/index.php?rest_route=%2Fwp%2Fv2%2Fmedia&parent=2"}],"curies":[{"name":"wp","href":"https:\/\/api.w.org\/{rel}","templated":true}]}}