{"id":28,"date":"2013-07-09T11:47:01","date_gmt":"2013-07-09T11:47:01","guid":{"rendered":"http:\/\/makom.megaart.de\/?page_id=28"},"modified":"2014-01-20T15:25:58","modified_gmt":"2014-01-20T15:25:58","slug":"werbetechnik","status":"publish","type":"page","link":"https:\/\/www.makom.net\/?page_id=28","title":{"rendered":"Werbetechnik"},"content":{"rendered":"<p><span style=\"font-family: arial, helvetica, sans-serif; font-size: 14px;\">Vom kleinen T\u00fcrschild bis zur gro\u00dfen Fassadenbeschriftung &#8211; der Bereich Werbetechnik ist ein breit gef\u00e4chertes Anwendungsgebiet. Neben Fahrzeugbeschriftungen, Leuchtreklamen und Bauschildern besch\u00e4ftigt sich dieser Bereich des Unternehmens damit, die passende Installationsl\u00f6sung sowie die Konstruktion zu Ihrem Projekt zu erarbeiten.<\/span><\/p>\n<p><span style=\"font-family: arial, helvetica, sans-serif; font-size: 14px;\">Durch unsere langj\u00e4hrige Erfahrung und die fachgerechte Kombination von Technik und Dienstleistung k\u00f6nnen wir Ihre Projekte optimal umsetzen. Das wichtigste Ziel bei der Entwicklung unserer Werbe-Systeme und -konstruktionen ist eine einfache und kosteng\u00fcnstige L\u00f6sung.<\/span><\/p>\n<p><span style=\"font-family: arial, helvetica, sans-serif; font-size: 14px;\">Auch im Bereich der Montage nehmen wir den Begriff Full-Service w\u00f6rtlich und bieten Ihnen zus\u00e4tzlich Wechsel, Demontage, Entsorgung oder Weiterverwertung Ihres Gro\u00dffl\u00e4chendruckes\/Projektes an. Die permanente Weiterentwicklung unserer Montage- und Installationsl\u00f6sungen ist dabei genauso selbstverst\u00e4ndlich wie eine reibungslose, termingerechte Auftragsabwicklung durch unsere kompetenten Monteure und Partnerfirmen.<\/span><\/p>\n","protected":false},"excerpt":{"rendered":"<p>Vom kleinen T\u00fcrschild bis zur gro\u00dfen Fassadenbeschriftung &#8211; der Bereich Werbetechnik ist ein breit gef\u00e4chertes Anwendungsgebiet. Neben Fahrzeugbeschriftungen, Leuchtreklamen und Bauschildern besch\u00e4ftigt sich dieser Bereich des Unternehmens damit, die passende Installationsl\u00f6sung sowie die Konstruktion zu Ihrem Projekt zu erarbeiten. Durch unsere langj\u00e4hrige Erfahrung und die fachgerechte Kombination von Technik und Dienstleistung k\u00f6nnen wir Ihre Projekte optimal umsetzen. Das wichtigste Ziel bei der Entwicklung unserer Werbe-Systeme und -konstruktionen ist eine einfache und kosteng\u00fcnstige L\u00f6sung. Auch im Bereich der Montage nehmen wir den Begriff Full-Service w\u00f6rtlich und bieten Ihnen zus\u00e4tzlich Wechsel, Demontage, Entsorgung oder Weiterverwertung Ihres Gro\u00dffl\u00e4chendruckes\/Projektes an. Die permanente Weiterentwicklung unserer Montage- und Installationsl\u00f6sungen ist dabei genauso selbstverst\u00e4ndlich wie eine reibungslose, termingerechte Auftragsabwicklung durch unsere kompetenten Monteure und Partnerfirmen.<\/p>\n","protected":false},"author":1,"featured_media":0,"parent":26,"menu_order":0,"comment_status":"open","ping_status":"open","template":"","meta":[],"_links":{"self":[{"href":"https:\/\/www.makom.net\/index.php?rest_route=\/wp\/v2\/pages\/28"}],"collection":[{"href":"https:\/\/www.makom.net\/index.php?rest_route=\/wp\/v2\/pages"}],"about":[{"href":"https:\/\/www.makom.net\/index.php?rest_route=\/wp\/v2\/types\/page"}],"author":[{"embeddable":true,"href":"https:\/\/www.makom.net\/index.php?rest_route=\/wp\/v2\/users\/1"}],"replies":[{"embeddable":true,"href":"https:\/\/www.makom.net\/index.php?rest_route=%2Fwp%2Fv2%2Fcomments&post=28"}],"version-history":[{"count":12,"href":"https:\/\/www.makom.net\/index.php?rest_route=\/wp\/v2\/pages\/28\/revisions"}],"predecessor-version":[{"id":1132,"href":"https:\/\/www.makom.net\/index.php?rest_route=\/wp\/v2\/pages\/28\/revisions\/1132"}],"up":[{"embeddable":true,"href":"https:\/\/www.makom.net\/index.php?rest_route=\/wp\/v2\/pages\/26"}],"wp:attachment":[{"href":"https:\/\/www.makom.net\/index.php?rest_route=%2Fwp%2Fv2%2Fmedia&parent=28"}],"curies":[{"name":"wp","href":"https:\/\/api.w.org\/{rel}","templated":true}]}}