{"id":32,"date":"2013-07-09T11:49:01","date_gmt":"2013-07-09T11:49:01","guid":{"rendered":"http:\/\/makom.megaart.de\/?page_id=32"},"modified":"2014-01-17T13:42:45","modified_gmt":"2014-01-17T13:42:45","slug":"manufactur","status":"publish","type":"page","link":"https:\/\/www.makom.net\/?page_id=32","title":{"rendered":"Manufactur"},"content":{"rendered":"<p><span style=\"font-family: arial, helvetica, sans-serif; font-size: 14px;\">Digitales Handwerk zeigt sich im Zusammenspiel von hochmoderner Computertechnologie und handwerklichem Sachverstand. Entscheidenden Anteil an der hochwertigen Ausf\u00fchrung ist eine zuverl\u00e4ssige Fertigung. Erst diese erm\u00f6glicht die vielf\u00e4ltige Pr\u00e4sentation des Produktes.<\/span><\/p>\n<p><a href=\"http:\/\/makom.megaart.de\/wp-content\/uploads\/2014\/01\/Manufaktur.jpg\"><img loading=\"lazy\" class=\"alignnone size-large wp-image-1128\" alt=\"Manufaktur\" src=\"http:\/\/makom.megaart.de\/wp-content\/uploads\/2014\/01\/Manufaktur-855x1024.jpg\" width=\"855\" height=\"1024\" srcset=\"https:\/\/www.makom.net\/wp-content\/uploads\/2014\/01\/Manufaktur-855x1024.jpg 855w, https:\/\/www.makom.net\/wp-content\/uploads\/2014\/01\/Manufaktur-125x150.jpg 125w, https:\/\/www.makom.net\/wp-content\/uploads\/2014\/01\/Manufaktur-250x300.jpg 250w, https:\/\/www.makom.net\/wp-content\/uploads\/2014\/01\/Manufaktur.jpg 1840w\" sizes=\"(max-width: 855px) 100vw, 855px\" \/><\/a><\/p>\n","protected":false},"excerpt":{"rendered":"<p>Digitales Handwerk zeigt sich im Zusammenspiel von hochmoderner Computertechnologie und handwerklichem Sachverstand. Entscheidenden Anteil an der hochwertigen Ausf\u00fchrung ist eine zuverl\u00e4ssige Fertigung. Erst diese erm\u00f6glicht die vielf\u00e4ltige Pr\u00e4sentation des Produktes.<\/p>\n","protected":false},"author":1,"featured_media":0,"parent":26,"menu_order":0,"comment_status":"open","ping_status":"open","template":"","meta":[],"_links":{"self":[{"href":"https:\/\/www.makom.net\/index.php?rest_route=\/wp\/v2\/pages\/32"}],"collection":[{"href":"https:\/\/www.makom.net\/index.php?rest_route=\/wp\/v2\/pages"}],"about":[{"href":"https:\/\/www.makom.net\/index.php?rest_route=\/wp\/v2\/types\/page"}],"author":[{"embeddable":true,"href":"https:\/\/www.makom.net\/index.php?rest_route=\/wp\/v2\/users\/1"}],"replies":[{"embeddable":true,"href":"https:\/\/www.makom.net\/index.php?rest_route=%2Fwp%2Fv2%2Fcomments&post=32"}],"version-history":[{"count":7,"href":"https:\/\/www.makom.net\/index.php?rest_route=\/wp\/v2\/pages\/32\/revisions"}],"predecessor-version":[{"id":1129,"href":"https:\/\/www.makom.net\/index.php?rest_route=\/wp\/v2\/pages\/32\/revisions\/1129"}],"up":[{"embeddable":true,"href":"https:\/\/www.makom.net\/index.php?rest_route=\/wp\/v2\/pages\/26"}],"wp:attachment":[{"href":"https:\/\/www.makom.net\/index.php?rest_route=%2Fwp%2Fv2%2Fmedia&parent=32"}],"curies":[{"name":"wp","href":"https:\/\/api.w.org\/{rel}","templated":true}]}}