{"id":711,"date":"2013-09-03T09:30:25","date_gmt":"2013-09-03T09:30:25","guid":{"rendered":"http:\/\/makom.megaart.de\/?page_id=711"},"modified":"2014-01-29T15:10:40","modified_gmt":"2014-01-29T15:10:40","slug":"montage","status":"publish","type":"page","link":"https:\/\/www.makom.net\/?page_id=711","title":{"rendered":"Montage"},"content":{"rendered":"<p>Die Installation unserer Systeme liegt in den H\u00e4nden von Experten. Leichte Bedienbarkeit, sowie schnelle, individuelle und budgetorientierte L\u00f6sungen bei Aufh\u00e4ngung und Wechsel des Druckes sind unsere Hauptkriterien. Projektbezogen k\u00f6nnen wir auf verschiedene Spezialisten-Teams zur\u00fcckgreifen und so jedes Geb\u00e4ude mit der bautechnisch sichersten L\u00f6sung ausstatten. Makom bringt Werbung sicher an die Wand.<\/p>\n","protected":false},"excerpt":{"rendered":"<p>Die Installation unserer Systeme liegt in den H\u00e4nden von Experten. Leichte Bedienbarkeit, sowie schnelle, individuelle und budgetorientierte L\u00f6sungen bei Aufh\u00e4ngung und Wechsel des Druckes sind unsere Hauptkriterien. Projektbezogen k\u00f6nnen wir auf verschiedene Spezialisten-Teams zur\u00fcckgreifen und so jedes Geb\u00e4ude mit der bautechnisch sichersten L\u00f6sung ausstatten. Makom bringt Werbung sicher an die Wand.<\/p>\n","protected":false},"author":1,"featured_media":0,"parent":28,"menu_order":0,"comment_status":"open","ping_status":"open","template":"","meta":[],"_links":{"self":[{"href":"https:\/\/www.makom.net\/index.php?rest_route=\/wp\/v2\/pages\/711"}],"collection":[{"href":"https:\/\/www.makom.net\/index.php?rest_route=\/wp\/v2\/pages"}],"about":[{"href":"https:\/\/www.makom.net\/index.php?rest_route=\/wp\/v2\/types\/page"}],"author":[{"embeddable":true,"href":"https:\/\/www.makom.net\/index.php?rest_route=\/wp\/v2\/users\/1"}],"replies":[{"embeddable":true,"href":"https:\/\/www.makom.net\/index.php?rest_route=%2Fwp%2Fv2%2Fcomments&post=711"}],"version-history":[{"count":4,"href":"https:\/\/www.makom.net\/index.php?rest_route=\/wp\/v2\/pages\/711\/revisions"}],"predecessor-version":[{"id":1137,"href":"https:\/\/www.makom.net\/index.php?rest_route=\/wp\/v2\/pages\/711\/revisions\/1137"}],"up":[{"embeddable":true,"href":"https:\/\/www.makom.net\/index.php?rest_route=\/wp\/v2\/pages\/28"}],"wp:attachment":[{"href":"https:\/\/www.makom.net\/index.php?rest_route=%2Fwp%2Fv2%2Fmedia&parent=711"}],"curies":[{"name":"wp","href":"https:\/\/api.w.org\/{rel}","templated":true}]}}