{"id":714,"date":"2013-09-03T09:37:22","date_gmt":"2013-09-03T09:37:22","guid":{"rendered":"http:\/\/makom.megaart.de\/?page_id=714"},"modified":"2013-10-09T13:55:50","modified_gmt":"2013-10-09T13:55:50","slug":"fahrzeugwerbung","status":"publish","type":"page","link":"https:\/\/www.makom.net\/?page_id=714","title":{"rendered":"Fahrzeugwerbung"},"content":{"rendered":"<p><img title=\"gallery ids=&quot;526,530,531,527,528,532,559,558,557,555,554,553,552,551,564&quot;\" alt=\"\" src=\"http:\/\/makom.megaart.de\/wp-includes\/js\/tinymce\/plugins\/wpgallery\/img\/t.gif\" \/><img title=\"gallery ids=&quot;526,530,531,527,528,532,559,558,557,555,554,553,552,551,564&quot;\" alt=\"\" src=\"http:\/\/makom.megaart.de\/wp-includes\/js\/tinymce\/plugins\/wpgallery\/img\/t.gif\" \/><img title=\"gallery ids=&quot;526,530,531,527,528,532,559,558,557,555,554,553,552,551,564&quot;\" alt=\"\" src=\"http:\/\/makom.megaart.de\/wp-includes\/js\/tinymce\/plugins\/wpgallery\/img\/t.gif\" \/><img title=\"gallery ids=&quot;526,530,531,527,528,532,559,558,557,555,554,553,552,551,564&quot;\" alt=\"\" src=\"http:\/\/makom.megaart.de\/wp-includes\/js\/tinymce\/plugins\/wpgallery\/img\/t.gif\" \/><\/p>\n<p><span style=\"font-family: arial, helvetica, sans-serif; font-size: 14px;\">PKWs, LKWs und Stra\u00dfenbahnen sind attraktive mobile Werbebotschafter. Eine pr\u00e4gnante Beklebung f\u00fchren wir auf Wunsch vollfl\u00e4chig oder mit kleinen Logos aus.<\/span><\/p>\n","protected":false},"excerpt":{"rendered":"<p>PKWs, LKWs und Stra\u00dfenbahnen sind attraktive mobile Werbebotschafter. Eine pr\u00e4gnante Beklebung f\u00fchren wir auf Wunsch vollfl\u00e4chig oder mit kleinen Logos aus.<\/p>\n","protected":false},"author":1,"featured_media":0,"parent":28,"menu_order":0,"comment_status":"open","ping_status":"open","template":"","meta":[],"_links":{"self":[{"href":"https:\/\/www.makom.net\/index.php?rest_route=\/wp\/v2\/pages\/714"}],"collection":[{"href":"https:\/\/www.makom.net\/index.php?rest_route=\/wp\/v2\/pages"}],"about":[{"href":"https:\/\/www.makom.net\/index.php?rest_route=\/wp\/v2\/types\/page"}],"author":[{"embeddable":true,"href":"https:\/\/www.makom.net\/index.php?rest_route=\/wp\/v2\/users\/1"}],"replies":[{"embeddable":true,"href":"https:\/\/www.makom.net\/index.php?rest_route=%2Fwp%2Fv2%2Fcomments&post=714"}],"version-history":[{"count":3,"href":"https:\/\/www.makom.net\/index.php?rest_route=\/wp\/v2\/pages\/714\/revisions"}],"predecessor-version":[{"id":925,"href":"https:\/\/www.makom.net\/index.php?rest_route=\/wp\/v2\/pages\/714\/revisions\/925"}],"up":[{"embeddable":true,"href":"https:\/\/www.makom.net\/index.php?rest_route=\/wp\/v2\/pages\/28"}],"wp:attachment":[{"href":"https:\/\/www.makom.net\/index.php?rest_route=%2Fwp%2Fv2%2Fmedia&parent=714"}],"curies":[{"name":"wp","href":"https:\/\/api.w.org\/{rel}","templated":true}]}}