{"id":736,"date":"2013-09-03T10:10:05","date_gmt":"2013-09-03T10:10:05","guid":{"rendered":"http:\/\/makom.megaart.de\/?page_id=736"},"modified":"2013-10-09T13:52:18","modified_gmt":"2013-10-09T13:52:18","slug":"inflatable","status":"publish","type":"page","link":"https:\/\/www.makom.net\/?page_id=736","title":{"rendered":"Inflatable"},"content":{"rendered":"<p><span style=\"font-family: arial, helvetica, sans-serif; font-size: 14px;\">Schnell, leicht und unkompliziert in Aufbau und Anwendung sind die luftgetragenen Werbetr\u00e4ger der ideale Eye-Catcher f\u00fcr kurze Eins\u00e4tze, bei denen dauerhafte Bildinstallationen technisch nicht m\u00f6glich oder zu aufw\u00e4ndig sind.<\/span><\/p>\n","protected":false},"excerpt":{"rendered":"<p>Schnell, leicht und unkompliziert in Aufbau und Anwendung sind die luftgetragenen Werbetr\u00e4ger der ideale Eye-Catcher f\u00fcr kurze Eins\u00e4tze, bei denen dauerhafte Bildinstallationen technisch nicht m\u00f6glich oder zu aufw\u00e4ndig sind.<\/p>\n","protected":false},"author":1,"featured_media":0,"parent":28,"menu_order":0,"comment_status":"open","ping_status":"open","template":"","meta":[],"_links":{"self":[{"href":"https:\/\/www.makom.net\/index.php?rest_route=\/wp\/v2\/pages\/736"}],"collection":[{"href":"https:\/\/www.makom.net\/index.php?rest_route=\/wp\/v2\/pages"}],"about":[{"href":"https:\/\/www.makom.net\/index.php?rest_route=\/wp\/v2\/types\/page"}],"author":[{"embeddable":true,"href":"https:\/\/www.makom.net\/index.php?rest_route=\/wp\/v2\/users\/1"}],"replies":[{"embeddable":true,"href":"https:\/\/www.makom.net\/index.php?rest_route=%2Fwp%2Fv2%2Fcomments&post=736"}],"version-history":[{"count":3,"href":"https:\/\/www.makom.net\/index.php?rest_route=\/wp\/v2\/pages\/736\/revisions"}],"predecessor-version":[{"id":923,"href":"https:\/\/www.makom.net\/index.php?rest_route=\/wp\/v2\/pages\/736\/revisions\/923"}],"up":[{"embeddable":true,"href":"https:\/\/www.makom.net\/index.php?rest_route=\/wp\/v2\/pages\/28"}],"wp:attachment":[{"href":"https:\/\/www.makom.net\/index.php?rest_route=%2Fwp%2Fv2%2Fmedia&parent=736"}],"curies":[{"name":"wp","href":"https:\/\/api.w.org\/{rel}","templated":true}]}}