{"id":792,"date":"2013-09-03T11:33:50","date_gmt":"2013-09-03T11:33:50","guid":{"rendered":"http:\/\/makom.megaart.de\/?page_id=792"},"modified":"2015-06-23T16:09:12","modified_gmt":"2015-06-23T16:09:12","slug":"sofacraft","status":"publish","type":"page","link":"https:\/\/www.makom.net\/?page_id=792","title":{"rendered":"Sofacraft"},"content":{"rendered":"<p>[vc_row][vc_column][vc_column_text]Sofacraft ist Kunst und Kult zusammen. Denn Sie k\u00f6nnen Ihr individuelles Einzelst\u00fcck des meistgekauften Sofas der Welt selbst gestalten. Und erschaffen sich so einen neuen Lieblingsplatz f\u00fcr Ihr Zuhause oder im Gesch\u00e4ft. Denn Sofacraft ist nicht nur eine ausgefallene Sitzgelegenheit, sondern auch eine charmante Werbefl\u00e4che.<\/p>\n<div class=\"gdl-gallery-item caption-disable\"><div class=\"gallery-item-wrapper alignleft\" style=\"margin-right: 20px; margin-bottom: 20px;\"><div class=\"gallery-thumbnail-image\" ><a data-rel=\"prettyPhoto[bkpGallery]\" href=\"https:\/\/www.makom.net\/wp-content\/uploads\/2013\/10\/otlg.jpg\"  title=\"\"><img class=\"gdl-gallery-image\" src=\"https:\/\/www.makom.net\/wp-content\/uploads\/2013\/10\/otlg-120x75.jpg\" alt=\"\" \/><\/a><\/div><\/div><div class=\"gallery-item-wrapper alignleft\" style=\"margin-right: 20px; margin-bottom: 20px;\"><div class=\"gallery-thumbnail-image\" ><a data-rel=\"prettyPhoto[bkpGallery]\" href=\"https:\/\/www.makom.net\/wp-content\/uploads\/2013\/10\/SchrottSofA.jpg\"  title=\"\"><img class=\"gdl-gallery-image\" src=\"https:\/\/www.makom.net\/wp-content\/uploads\/2013\/10\/SchrottSofA-120x75.jpg\" alt=\"\" \/><\/a><\/div><\/div><div class=\"gallery-item-wrapper alignleft\" style=\"margin-right: 20px; margin-bottom: 20px;\"><div class=\"gallery-thumbnail-image\" ><a data-rel=\"prettyPhoto[bkpGallery]\" href=\"https:\/\/www.makom.net\/wp-content\/uploads\/2013\/10\/WasserLea.jpg\"  title=\"\"><img class=\"gdl-gallery-image\" src=\"https:\/\/www.makom.net\/wp-content\/uploads\/2013\/10\/WasserLea-120x75.jpg\" alt=\"\" \/><\/a><\/div><\/div><div class=\"gallery-item-wrapper alignleft\" style=\"margin-right: 20px; margin-bottom: 20px;\"><div class=\"gallery-thumbnail-image\" ><a data-rel=\"prettyPhoto[bkpGallery]\" href=\"https:\/\/www.makom.net\/wp-content\/uploads\/2013\/10\/LillyVitoGras.jpg\"  title=\"\"><img class=\"gdl-gallery-image\" src=\"https:\/\/www.makom.net\/wp-content\/uploads\/2013\/10\/LillyVitoGras-120x75.jpg\" alt=\"\" \/><\/a><\/div><\/div><div class=\"gallery-item-wrapper alignleft\" style=\"margin-right: 20px; margin-bottom: 20px;\"><div class=\"gallery-thumbnail-image\" ><a data-rel=\"prettyPhoto[bkpGallery]\" href=\"https:\/\/www.makom.net\/wp-content\/uploads\/2013\/10\/MayaFront.jpg\"  title=\"\"><img class=\"gdl-gallery-image\" src=\"https:\/\/www.makom.net\/wp-content\/uploads\/2013\/10\/MayaFront-120x75.jpg\" alt=\"\" \/><\/a><\/div><\/div><div class=\"gallery-item-wrapper alignleft\" style=\"margin-right: 20px; margin-bottom: 20px;\"><div class=\"gallery-thumbnail-image\" ><a data-rel=\"prettyPhoto[bkpGallery]\" href=\"https:\/\/www.makom.net\/wp-content\/uploads\/2013\/10\/LeaSplatterA.jpg\"  title=\"\"><img class=\"gdl-gallery-image\" src=\"https:\/\/www.makom.net\/wp-content\/uploads\/2013\/10\/LeaSplatterA-120x75.jpg\" alt=\"\" \/><\/a><\/div><\/div><div class=\"gallery-item-wrapper alignleft\" style=\"margin-right: 20px; margin-bottom: 20px;\"><div class=\"gallery-thumbnail-image\" ><a data-rel=\"prettyPhoto[bkpGallery]\" href=\"https:\/\/www.makom.net\/wp-content\/uploads\/2013\/10\/Sofacraft-Anemonen.jpg\"  title=\"\"><img class=\"gdl-gallery-image\" src=\"https:\/\/www.makom.net\/wp-content\/uploads\/2013\/10\/Sofacraft-Anemonen-120x75.jpg\" alt=\"\" \/><\/a><\/div><\/div><div class=\"gallery-item-wrapper alignleft\" style=\"margin-right: 20px; margin-bottom: 20px;\"><div class=\"gallery-thumbnail-image\" ><a data-rel=\"prettyPhoto[bkpGallery]\" href=\"https:\/\/www.makom.net\/wp-content\/uploads\/2013\/10\/Sofacraft-Katze-wei\u00df.jpg\"  title=\"\"><img class=\"gdl-gallery-image\" src=\"https:\/\/www.makom.net\/wp-content\/uploads\/2013\/10\/Sofacraft-Katze-wei\u00df-120x75.jpg\" alt=\"\" \/><\/a><\/div><\/div><div class=\"gallery-item-wrapper alignleft\" style=\"margin-right: 20px; margin-bottom: 20px;\"><div class=\"gallery-thumbnail-image\" ><a data-rel=\"prettyPhoto[bkpGallery]\" href=\"https:\/\/www.makom.net\/wp-content\/uploads\/2013\/10\/Sofacraft-Katze-gr\u00fcn.jpg\"  title=\"\"><img class=\"gdl-gallery-image\" src=\"https:\/\/www.makom.net\/wp-content\/uploads\/2013\/10\/Sofacraft-Katze-gr\u00fcn-120x75.jpg\" alt=\"\" \/><\/a><\/div><\/div><div class=\"gallery-item-wrapper alignleft\" style=\"margin-right: 20px; margin-bottom: 20px;\"><div class=\"gallery-thumbnail-image\" ><a data-rel=\"prettyPhoto[bkpGallery]\" href=\"https:\/\/www.makom.net\/wp-content\/uploads\/2013\/10\/Sofacraft-Quallen-blau.jpg\"  title=\"\"><img class=\"gdl-gallery-image\" src=\"https:\/\/www.makom.net\/wp-content\/uploads\/2013\/10\/Sofacraft-Quallen-blau-120x75.jpg\" alt=\"\" \/><\/a><\/div><\/div><div class=\"gallery-item-wrapper alignleft\" style=\"margin-right: 20px; margin-bottom: 20px;\"><div class=\"gallery-thumbnail-image\" ><a data-rel=\"prettyPhoto[bkpGallery]\" href=\"https:\/\/www.makom.net\/wp-content\/uploads\/2013\/10\/Sofacraft-Schlangekopf.jpg\"  title=\"\"><img class=\"gdl-gallery-image\" src=\"https:\/\/www.makom.net\/wp-content\/uploads\/2013\/10\/Sofacraft-Schlangekopf-120x75.jpg\" alt=\"\" \/><\/a><\/div><\/div><div class=\"gallery-item-wrapper alignleft\" style=\"margin-right: 20px; margin-bottom: 20px;\"><div class=\"gallery-thumbnail-image\" ><a data-rel=\"prettyPhoto[bkpGallery]\" href=\"https:\/\/www.makom.net\/wp-content\/uploads\/2013\/10\/Sofacraft-Spider.jpg\"  title=\"\"><img class=\"gdl-gallery-image\" src=\"https:\/\/www.makom.net\/wp-content\/uploads\/2013\/10\/Sofacraft-Spider-120x75.jpg\" alt=\"\" \/><\/a><\/div><\/div><div class=\"gallery-item-wrapper alignleft\" style=\"margin-right: 20px; margin-bottom: 20px;\"><div class=\"gallery-thumbnail-image\" ><a data-rel=\"prettyPhoto[bkpGallery]\" href=\"https:\/\/www.makom.net\/wp-content\/uploads\/2013\/10\/Sofacraft-Schlange.jpg\"  title=\"\"><img class=\"gdl-gallery-image\" src=\"https:\/\/www.makom.net\/wp-content\/uploads\/2013\/10\/Sofacraft-Schlange-120x75.jpg\" alt=\"\" \/><\/a><\/div><\/div><div class=\"gallery-item-wrapper alignleft\" style=\"margin-right: 20px; margin-bottom: 20px;\"><div class=\"gallery-thumbnail-image\" ><a data-rel=\"prettyPhoto[bkpGallery]\" href=\"https:\/\/www.makom.net\/wp-content\/uploads\/2013\/10\/Porzellanprinzessin.jpg\"  title=\"\"><img class=\"gdl-gallery-image\" src=\"https:\/\/www.makom.net\/wp-content\/uploads\/2013\/10\/Porzellanprinzessin-120x75.jpg\" alt=\"\" \/><\/a><\/div><\/div><div class=\"gallery-item-wrapper alignleft\" style=\"margin-right: 20px; margin-bottom: 20px;\"><div class=\"gallery-thumbnail-image\" ><a data-rel=\"prettyPhoto[bkpGallery]\" href=\"https:\/\/www.makom.net\/wp-content\/uploads\/2013\/10\/4Kissen003.jpg\"  title=\"\"><img class=\"gdl-gallery-image\" src=\"https:\/\/www.makom.net\/wp-content\/uploads\/2013\/10\/4Kissen003-120x75.jpg\" alt=\"\" \/><\/a><\/div><\/div><div class=\"clear\"><\/div><\/div>\n<p><span class=\"Apple-style-span\" style=\"font-size: 20px; font-weight: bold;\"><span style=\"font-family: arial, helvetica, sans-serif;\">Das ist Sofacraft<\/span><\/span><\/p>\n<table style=\"width: 408px; height: 323px;\" border=\"0\" cellspacing=\"0\" cellpadding=\"0\">\n<tbody>\n<tr>\n<td><span style=\"font-family: arial, helvetica, sans-serif;\">Sofacraft bietet Ihnen die M\u00f6glichkeit, Ihren Sofabezug selbst zu gestalten. <\/span><span style=\"font-family: arial, helvetica, sans-serif;\">Wir haben ein Schnittmuster f\u00fcr das meistverkaufte Sofa der Welt entwickelt, <\/span><span style=\"font-family: arial, helvetica, sans-serif;\">das jetzt auf Ihre Ideen zur Gestaltung wartet.<\/span><span style=\"font-family: arial, helvetica, sans-serif;\">Und so gehts: <\/span><span style=\"font-family: arial, helvetica, sans-serif;\">Downloaden Sie unseren <span style=\"color: #ff0000;\"><strong><a style=\"color: #ff0000;\" href=\"http:\/\/makom.megaart.de\/wp-content\/uploads\/2013\/10\/SofaCraftPaperworks.pdf\">Sofabastelbogen<\/a><\/strong>\u00a0<\/span>und\u00a0<strong><span style=\"color: #ff0000;\"><a style=\"color: #ff0000;\" href=\"http:\/\/makom.megaart.de\/wp-content\/uploads\/2013\/10\/Bastelanleitung.pdf\">Bastelanleitung<\/a><\/span><\/strong> (Modell 1:10)\u00a0<\/span><br \/>\n<span style=\"font-family: arial, helvetica, sans-serif;\"> Gestalten Sie den den Bastelbogen mit Hilfe eines Bildbearbeitungsprogrammes oder basteln Sie <\/span><span style=\"font-family: arial, helvetica, sans-serif;\">ein kleines Sofa, welches Sie bemalen k\u00f6nnen. <\/span><span style=\"font-family: arial, helvetica, sans-serif;\">Senden Sie anschlie\u00dfend den gestalteten Bastelbogen, bzw. das bemalte Sofa an uns und<\/span> <span style=\"font-family: arial, helvetica, sans-serif;\">wir drucken Ihr Motiv im Textildruckverfahren ( waschbar bis 40\u00b0C ) <\/span><span style=\"font-family: arial, helvetica, sans-serif;\">in Originalgr\u00f6\u00dfe <\/span><span style=\"font-family: arial, helvetica, sans-serif;\">auf den Sofabezug.<\/span><span style=\"font-family: arial, helvetica, sans-serif;\"> SIe erhalten einen fertig gen\u00e4hten, gut sitzenden Bezug aus Tervia Nessel, den Sie problemlos <\/span><span style=\"font-family: arial, helvetica, sans-serif;\">auf Ihr Sofa spannen k\u00f6nnen.<\/span><span style=\"font-family: arial, helvetica, sans-serif;\">Sie haben tolle Ideen, aber kein Bildbearbeitungsprogramm? Kein Problem! <\/span><span style=\"font-family: arial, helvetica, sans-serif;\">Senden Sie uns Ihr Motiv und wir helfen Ihnen bei der Umsetzung. <\/span><span style=\"font-family: arial, helvetica, sans-serif;\">Dar\u00fcber hinaus bieten wir ihnen in unserem Motivkatalog eine Vielzahl von Motiven, die sonst <\/span><span style=\"font-family: arial, helvetica, sans-serif;\">nicht im Handel erh\u00e4ltlich sind. <\/span><span style=\"font-family: arial, helvetica, sans-serif;\">Oder w\u00e4hlen Sie einfach einen Bezug aus unserer aktuellen Kollektion.<\/span><span style=\"font-family: arial, helvetica, sans-serif;\">Besonders interessant ist unser Konzept auch f\u00fcr die Bereiche Gastronomie-, Event- und Messe- <\/span><span style=\"font-family: arial, helvetica, sans-serif;\">Gestaltung. Ein Sofa in Ihren Firmenfarben und mit Ihrem Logo ist immer ein besonderer Blickfang. <\/span><span style=\"font-family: arial, helvetica, sans-serif;\">Ob im Eingangsbereich ihres Gesch\u00e4fts, der<\/span> <span style=\"font-family: arial, helvetica, sans-serif;\">Chill-Out-Ecke Ihrer Agentur oder auf der Pr\u00e4sentationsfl\u00e4che Ihres <\/span><span style=\"font-family: arial, helvetica, sans-serif;\">Messestandes: Mit Sofacraft sind Sie immer im Visier der anderen.<\/span><\/td>\n<\/tr>\n<\/tbody>\n<\/table>\n<p><a href=\"http:\/\/makom.megaart.de\/wp-content\/uploads\/2013\/10\/sofacraft.jpg\"><img loading=\"lazy\" class=\"alignnone size-full wp-image-964\" src=\"http:\/\/makom.megaart.de\/wp-content\/uploads\/2013\/10\/sofacraft.jpg\" alt=\"sofacraft\" width=\"882\" height=\"590\" srcset=\"https:\/\/www.makom.net\/wp-content\/uploads\/2013\/10\/sofacraft.jpg 882w, https:\/\/www.makom.net\/wp-content\/uploads\/2013\/10\/sofacraft-200x133.jpg 200w, https:\/\/www.makom.net\/wp-content\/uploads\/2013\/10\/sofacraft-400x267.jpg 400w\" sizes=\"(max-width: 882px) 100vw, 882px\" \/><\/a>[\/vc_column_text][\/vc_column][\/vc_row]<\/p>\n","protected":false},"excerpt":{"rendered":"<p>[vc_row][vc_column][vc_column_text]Sofacraft ist Kunst und Kult zusammen. Denn Sie k\u00f6nnen Ihr individuelles Einzelst\u00fcck des meistgekauften Sofas der Welt selbst gestalten. Und erschaffen sich so einen neuen Lieblingsplatz f\u00fcr Ihr Zuhause oder im Gesch\u00e4ft. Denn Sofacraft ist nicht nur eine ausgefallene Sitzgelegenheit, sondern auch eine charmante Werbefl\u00e4che. Das ist Sofacraft Sofacraft bietet Ihnen die M\u00f6glichkeit, Ihren Sofabezug selbst zu gestalten. Wir haben ein Schnittmuster f\u00fcr das meistverkaufte Sofa der Welt entwickelt, das jetzt auf Ihre Ideen zur Gestaltung wartet.Und so gehts: Downloaden Sie unseren Sofabastelbogen\u00a0und\u00a0Bastelanleitung (Modell 1:10)\u00a0 Gestalten Sie den den Bastelbogen mit Hilfe eines Bildbearbeitungsprogrammes oder basteln Sie ein kleines Sofa, welches Sie bemalen k\u00f6nnen. Senden Sie anschlie\u00dfend den gestalteten Bastelbogen, bzw. das bemalte Sofa an uns und wir drucken Ihr Motiv im Textildruckverfahren ( waschbar bis 40\u00b0C ) in Originalgr\u00f6\u00dfe auf den Sofabezug. SIe erhalten einen fertig gen\u00e4hten, gut sitzenden Bezug aus Tervia Nessel, den Sie problemlos auf Ihr Sofa spannen k\u00f6nnen.Sie haben tolle Ideen, aber kein Bildbearbeitungsprogramm? Kein Problem! Senden Sie uns Ihr Motiv und wir helfen Ihnen bei der Umsetzung. Dar\u00fcber hinaus bieten wir ihnen in unserem Motivkatalog eine Vielzahl von Motiven, die sonst nicht im Handel erh\u00e4ltlich sind. Oder w\u00e4hlen Sie einfach einen Bezug aus unserer aktuellen Kollektion.Besonders interessant ist unser Konzept auch f\u00fcr die Bereiche Gastronomie-, Event- und Messe- Gestaltung. Ein Sofa in Ihren Firmenfarben und mit Ihrem Logo ist immer ein besonderer Blickfang. Ob im Eingangsbereich ihres Gesch\u00e4fts, der Chill-Out-Ecke Ihrer Agentur oder auf der Pr\u00e4sentationsfl\u00e4che Ihres Messestandes: Mit Sofacraft sind Sie immer im Visier der anderen. [\/vc_column_text][\/vc_column][\/vc_row]<\/p>\n","protected":false},"author":1,"featured_media":0,"parent":32,"menu_order":0,"comment_status":"open","ping_status":"open","template":"","meta":[],"_links":{"self":[{"href":"https:\/\/www.makom.net\/index.php?rest_route=\/wp\/v2\/pages\/792"}],"collection":[{"href":"https:\/\/www.makom.net\/index.php?rest_route=\/wp\/v2\/pages"}],"about":[{"href":"https:\/\/www.makom.net\/index.php?rest_route=\/wp\/v2\/types\/page"}],"author":[{"embeddable":true,"href":"https:\/\/www.makom.net\/index.php?rest_route=\/wp\/v2\/users\/1"}],"replies":[{"embeddable":true,"href":"https:\/\/www.makom.net\/index.php?rest_route=%2Fwp%2Fv2%2Fcomments&post=792"}],"version-history":[{"count":21,"href":"https:\/\/www.makom.net\/index.php?rest_route=\/wp\/v2\/pages\/792\/revisions"}],"predecessor-version":[{"id":1468,"href":"https:\/\/www.makom.net\/index.php?rest_route=\/wp\/v2\/pages\/792\/revisions\/1468"}],"up":[{"embeddable":true,"href":"https:\/\/www.makom.net\/index.php?rest_route=\/wp\/v2\/pages\/32"}],"wp:attachment":[{"href":"https:\/\/www.makom.net\/index.php?rest_route=%2Fwp%2Fv2%2Fmedia&parent=792"}],"curies":[{"name":"wp","href":"https:\/\/api.w.org\/{rel}","templated":true}]}}