{"id":796,"date":"2013-09-03T11:36:09","date_gmt":"2013-09-03T11:36:09","guid":{"rendered":"http:\/\/makom.megaart.de\/?page_id=796"},"modified":"2014-01-16T12:11:40","modified_gmt":"2014-01-16T12:11:40","slug":"interaktive-medien","status":"publish","type":"page","link":"https:\/\/www.makom.net\/?page_id=796","title":{"rendered":"Interaktive Medien"},"content":{"rendered":"<p><span style=\"font-family: arial, helvetica, sans-serif; font-size: 12px;\">Interaktive Werbung bedeutet, die Zielgruppe einer Botschaft in einen spielerischen interaktiven Prozess einzubinden.<\/span><\/p>\n<p><span style=\"font-family: arial, helvetica, sans-serif; font-size: 12px;\"> Wer Markenbotschaft und -namen vermitteln will, sollte die Verbraucher deshalb mit Werbung ansprechen, die Interaktionsm\u00f6glichkeiten anbieten.<\/span><br \/>\n<span style=\"font-family: arial, helvetica, sans-serif; font-size: 12px;\"> So wird der User wieder Kind: Tippen, Wischen und Ziehen, sind denkbare Formen, um mit dem Ger\u00e4t zu interagieren, um Content \/ Inhalte m\u00f6glichst spannend zu gestalten und es er\u00f6ffnet Werbetreibenden innovative M\u00f6glichkeiten ihre Zielgruppen anzusprechen.<\/span><\/p>\n<p><span style=\"font-family: arial, helvetica, sans-serif; font-size: 12px;\">Verbraucher haben immer mehr Kaufoptionen bei einer gr\u00f6\u00dfer werdenden Produktpalette, aber der Kauf soll m\u00f6glichst schnell gehen, ohne Zeitverlust. Unsere innovativen Produkte erm\u00f6glichen es dem potentiellen Kunden sich gezielt und interaktiv am POS zu informieren.<\/span><\/p>\n","protected":false},"excerpt":{"rendered":"<p>Interaktive Werbung bedeutet, die Zielgruppe einer Botschaft in einen spielerischen interaktiven Prozess einzubinden. Wer Markenbotschaft und -namen vermitteln will, sollte die Verbraucher deshalb mit Werbung ansprechen, die Interaktionsm\u00f6glichkeiten anbieten. So wird der User wieder Kind: Tippen, Wischen und Ziehen, sind denkbare Formen, um mit dem Ger\u00e4t zu interagieren, um Content \/ Inhalte m\u00f6glichst spannend zu gestalten und es er\u00f6ffnet Werbetreibenden innovative M\u00f6glichkeiten ihre Zielgruppen anzusprechen. Verbraucher haben immer mehr Kaufoptionen bei einer gr\u00f6\u00dfer werdenden Produktpalette, aber der Kauf soll m\u00f6glichst schnell gehen, ohne Zeitverlust. Unsere innovativen Produkte erm\u00f6glichen es dem potentiellen Kunden sich gezielt und interaktiv am POS zu informieren.<\/p>\n","protected":false},"author":1,"featured_media":0,"parent":26,"menu_order":0,"comment_status":"open","ping_status":"open","template":"","meta":[],"_links":{"self":[{"href":"https:\/\/www.makom.net\/index.php?rest_route=\/wp\/v2\/pages\/796"}],"collection":[{"href":"https:\/\/www.makom.net\/index.php?rest_route=\/wp\/v2\/pages"}],"about":[{"href":"https:\/\/www.makom.net\/index.php?rest_route=\/wp\/v2\/types\/page"}],"author":[{"embeddable":true,"href":"https:\/\/www.makom.net\/index.php?rest_route=\/wp\/v2\/users\/1"}],"replies":[{"embeddable":true,"href":"https:\/\/www.makom.net\/index.php?rest_route=%2Fwp%2Fv2%2Fcomments&post=796"}],"version-history":[{"count":4,"href":"https:\/\/www.makom.net\/index.php?rest_route=\/wp\/v2\/pages\/796\/revisions"}],"predecessor-version":[{"id":1112,"href":"https:\/\/www.makom.net\/index.php?rest_route=\/wp\/v2\/pages\/796\/revisions\/1112"}],"up":[{"embeddable":true,"href":"https:\/\/www.makom.net\/index.php?rest_route=\/wp\/v2\/pages\/26"}],"wp:attachment":[{"href":"https:\/\/www.makom.net\/index.php?rest_route=%2Fwp%2Fv2%2Fmedia&parent=796"}],"curies":[{"name":"wp","href":"https:\/\/api.w.org\/{rel}","templated":true}]}}