{"id":862,"date":"2013-09-27T11:00:04","date_gmt":"2013-09-27T11:00:04","guid":{"rendered":"http:\/\/makom.megaart.de\/?page_id=862"},"modified":"2014-01-16T12:41:06","modified_gmt":"2014-01-16T12:41:06","slug":"der-zweite-bildschirm","status":"publish","type":"page","link":"https:\/\/www.makom.net\/?page_id=862","title":{"rendered":"QuiZcreen &#8211; \u201cDer zweite Bildschirm\u201d"},"content":{"rendered":"<h3 dir=\"ltr\">\n<div style=\"max-width:680px;\" ><iframe src=\"http:\/\/www.youtube.com\/embed\/Xxro9tQ58YY\">http:\/\/www.youtube.com\/watch?wmode=transparent\" width=\"680\" height=\"480\" ><\/iframe><\/div>\n<\/h3>\n<h3 dir=\"ltr\"><span style=\"font-family: arial, helvetica, sans-serif;\">Die erste \u201cSecond Screen Anwendung&#8221; f\u00fcr Augmented Reality<\/span><\/h3>\n<h3 dir=\"ltr\"><span style=\"font-family: arial, helvetica, sans-serif;\">Damit der Fernsehinhalt f\u00f6rmlich aus dem Fernseher \u201cspringt\u201d und in das Handy oder Tablet fliegt!<\/span><\/h3>\n<h3 dir=\"ltr\"><span style=\"font-family: arial, helvetica, sans-serif;\">Vorteile:<\/span><\/h3>\n<ul>\n<li dir=\"ltr\">\n<p dir=\"ltr\"><span style=\"font-family: arial, helvetica, sans-serif;\">Steigerung des Engagements des Zuschauers durch weiterf\u00fchrende Inhalte<\/span><\/p>\n<\/li>\n<li dir=\"ltr\">\n<p dir=\"ltr\"><span style=\"font-family: arial, helvetica, sans-serif;\">Verkaufsf\u00f6rderung mit innovativen virtuellen Coupons<\/span><\/p>\n<\/li>\n<li dir=\"ltr\">\n<p dir=\"ltr\"><span style=\"font-family: arial, helvetica, sans-serif;\">Verst\u00e4rkte Aufmerksamkeit in der interaktiven Welt und den Social Media<br \/>\n<\/span><\/p>\n<\/li>\n<\/ul>\n<h3 dir=\"ltr\"><span style=\"font-family: arial, helvetica, sans-serif;\">Features:<\/span><\/h3>\n<ul>\n<li dir=\"ltr\">\n<p dir=\"ltr\"><span style=\"font-family: arial, helvetica, sans-serif;\">Branded App, TV-Shows, Werbespots &amp; Promos<br \/>\n<\/span><\/p>\n<\/li>\n<li dir=\"ltr\">\n<p dir=\"ltr\"><span style=\"font-family: arial, helvetica, sans-serif;\">Frames springen aus dem TV-Bildschirm in Ihr mobiles Ger\u00e4t<\/span><\/p>\n<\/li>\n<li dir=\"ltr\">\n<p dir=\"ltr\"><span style=\"font-family: arial, helvetica, sans-serif;\">Gewinnspiele mit Preisen<\/span><\/p>\n<\/li>\n<li dir=\"ltr\">\n<p dir=\"ltr\"><span style=\"font-family: arial, helvetica, sans-serif;\">Funktioniert mit jedem Standard-TV<\/span><\/p>\n<\/li>\n<li dir=\"ltr\">\n<p dir=\"ltr\"><span style=\"font-family: arial, helvetica, sans-serif;\">Funktioniert sowohl als Live-Ausstrahlung und Abspielung<\/span><\/p>\n<\/li>\n<\/ul>\n<h3 dir=\"ltr\"><span style=\"font-family: arial, helvetica, sans-serif;\">Was ist QuiZcreen?<\/span><\/h3>\n<p dir=\"ltr\"><span style=\"font-family: arial, helvetica, sans-serif;\">Haben Sie jemals die Lieblings-TV-Show oder einen Werbespot aus dem Fernseher springen sehen? In ihr mobiles Ger\u00e4t? Das ist genau das, was mit QuiZcreen passiert!<\/span><\/p>\n<p dir=\"ltr\"><span style=\"font-family: arial,helvetica,sans-serif;\">Besondere Animation wird mit Augmented Reality Technologie verbunden. Fans k\u00f6nnen weitere Informationen und Videos auf ihren eigenem TV, w\u00e4hrend des laufendem Programmes sehen und auf eine ganz neue Art und Weise interagieren. So funktioniert diese App:<\/span><\/p>\n<p dir=\"ltr\"><span style=\"font-family: arial, helvetica, sans-serif;\">Zuerst wird die App aus einem der Standard-App-Stores herunter geladen und gestartet. Die Handy-Kamera wird auf dem TV-Bildschirm gerichtet, um ein bestimmtes Bildmerkmal zu erfassen und zu sammeln. Es ist einfach und intuitiv: sobald der Rahmen erscheint, &#8220;springt&#8221; das Bildmerkmal von selbst aus dem TV und fliegt 3D-animiert in das Smartphone oder Tablet.<\/span><\/p>\n<p dir=\"ltr\"><span style=\"font-family: arial,helvetica,sans-serif;\">Sobald verschiedene Szenen gesammelt wurden, kann man sich an einem sozialen Quiz-Spiel beteiligen und Fragen beantworten, die spezifisch f\u00fcr diese Szene sind. QuiZcreen wurde bei Yes<a href=\"http:\/\/translate.googleusercontent.com\/translate_c?depth=1&amp;hl=de&amp;ie=UTF8&amp;prev=_t&amp;rurl=translate.google.com&amp;sl=en&amp;tl=de&amp;u=http:\/\/kwazylabs.com\/portfolio\/blog\/lalaland&amp;usg=ALkJrhjI2YGRq0rTvBl-4ymu3tRG6A7UhA\"> Satellite Israel<\/a> verwendet, damit die Zuschauer erraten k\u00f6nnen, was in der n\u00e4chsten Show passieren wird. Die Zuschauer k\u00f6nnen das Spiel mehrmals spielen und mehr Szenen sammeln um an Gewinnspielen teilzunehmen. Die jeweiligen Erfolge k\u00f6nnen \u00fcber Social Medien ver\u00f6ffentlicht werden, um z.B. mit Freunden die Antworten zu vergleichen.\u00a0<strong>QuiZcreen<\/strong> ist die weltweit erste App, die das Sammeln von Coupons, Fragen und Preisen direkt aus dem TV heraus bietet.<\/span><\/p>\n<h3 dir=\"ltr\" id=\"docs-internal-guid-70c1d685-9b0f-385a-40cf-8f8c9c2fbade\"><span style=\"font-family: arial,helvetica,sans-serif;\">Game Features<\/span><\/h3>\n<ul>\n<li dir=\"ltr\">\n<p dir=\"ltr\"><span style=\"font-family: arial,helvetica,sans-serif;\">Sammeln von dutzend verschiedenen Szenen aus TV-Shows<\/span><\/p>\n<\/li>\n<li dir=\"ltr\">\n<p dir=\"ltr\"><span style=\"font-family: arial,helvetica,sans-serif;\">3D-Animationen der Szenen, die aus dem TV \u201cspringen\u201d<\/span><\/p>\n<\/li>\n<li dir=\"ltr\">\n<p dir=\"ltr\"><span style=\"font-family: arial,helvetica,sans-serif;\">Beantwortung von Quizfragen, die zu den gesammelten Szenen passend sind<\/span><\/p>\n<\/li>\n<li dir=\"ltr\">\n<p dir=\"ltr\"><span style=\"font-family: arial,helvetica,sans-serif;\">Social-Media-Integration (Facebook, Twitter, Google+)<\/span><\/p>\n<\/li>\n<li dir=\"ltr\">\n<p dir=\"ltr\"><span style=\"font-family: arial,helvetica,sans-serif;\">Benachrichtigungen, wenn eine Antwort ver\u00f6ffentlicht wird<\/span><\/p>\n<\/li>\n<li dir=\"ltr\">\n<p dir=\"ltr\"><span style=\"font-family: arial,helvetica,sans-serif;\">Gewinn-Punkte \/ Preise \/ Gutscheine f\u00fcr richtige Antworten<\/span><\/p>\n<\/li>\n<li dir=\"ltr\">\n<p dir=\"ltr\"><span style=\"font-family: arial,helvetica,sans-serif;\">M\u00f6glichkeit, die Antworten mit Facebook-Freunden zu vergleichen<\/span><\/p>\n<\/li>\n<\/ul>\n<h3 dir=\"ltr\"><span style=\"font-family: arial,helvetica,sans-serif;\">Admin &amp; Markenzeichen<\/span><\/h3>\n<ul>\n<li dir=\"ltr\">\n<p dir=\"ltr\"><span style=\"font-family: arial,helvetica,sans-serif;\">Anpassbar f\u00fcr jede Art von Inhalt (TV-Serie, Film, Werbung, etc.)<\/span><\/p>\n<\/li>\n<li dir=\"ltr\">\n<p dir=\"ltr\"><span style=\"font-family: arial,helvetica,sans-serif;\">Sammelung von Nutzungsstatistiken und Benutzerdaten<\/span><\/p>\n<\/li>\n<li dir=\"ltr\">\n<p dir=\"ltr\"><span style=\"font-family: arial,helvetica,sans-serif;\">Admin-Oberfl\u00e4che f\u00fcr die Bearbeitung des Quizes<\/span><\/p>\n<\/li>\n<li dir=\"ltr\">\n<p dir=\"ltr\"><span style=\"font-family: arial,helvetica,sans-serif;\">Optional &#8211; Verwendung einer gebrandeten Infoseite in der App<\/span><\/p>\n<\/li>\n<\/ul>\n<h3 dir=\"ltr\"><span style=\"font-family: arial,helvetica,sans-serif;\">Technology &amp; Hardware<\/span><\/h3>\n<ul>\n<li dir=\"ltr\">\n<p dir=\"ltr\"><span style=\"font-family: arial,helvetica,sans-serif;\">Kompatibel mit allen g\u00e4ngigen mobilen Plattformen und Ger\u00e4ten<\/span><\/p>\n<\/li>\n<li dir=\"ltr\">\n<p dir=\"ltr\"><span style=\"font-family: arial,helvetica,sans-serif;\">Basierend nur auf Bildverarbeitung: keine Notwendigkeit eines Smart-TV oder Synchronisation mit einem zentralen Server<\/span><\/p>\n<\/li>\n<li dir=\"ltr\">\n<p dir=\"ltr\"><span style=\"font-family: arial,helvetica,sans-serif;\">Einfache Verwendbarkeit durch Jedermann<\/span><\/p>\n<\/li>\n<li dir=\"ltr\">\n<p dir=\"ltr\"><span style=\"font-family: arial,helvetica,sans-serif;\">Funktioniert auf jedem \u00dcbertragungskanal: Live, TiVo, VOD, Online-\u00dcbertragung usw.<\/span><\/p>\n<\/li>\n<\/ul>\n","protected":false},"excerpt":{"rendered":"<p>Die erste \u201cSecond Screen Anwendung&#8221; f\u00fcr Augmented Reality Damit der Fernsehinhalt f\u00f6rmlich aus dem Fernseher \u201cspringt\u201d und in das Handy oder Tablet fliegt! Vorteile: Steigerung des Engagements des Zuschauers durch weiterf\u00fchrende Inhalte Verkaufsf\u00f6rderung mit innovativen virtuellen Coupons Verst\u00e4rkte Aufmerksamkeit in der interaktiven Welt und den Social Media Features: Branded App, TV-Shows, Werbespots &amp; Promos Frames springen aus dem TV-Bildschirm in Ihr mobiles Ger\u00e4t Gewinnspiele mit Preisen Funktioniert mit jedem Standard-TV Funktioniert sowohl als Live-Ausstrahlung und Abspielung Was ist QuiZcreen? Haben Sie jemals die Lieblings-TV-Show oder einen Werbespot aus dem Fernseher springen sehen? In ihr mobiles Ger\u00e4t? Das ist genau das, was mit QuiZcreen passiert! Besondere Animation wird mit Augmented Reality Technologie verbunden. Fans k\u00f6nnen weitere Informationen und Videos auf ihren eigenem TV, w\u00e4hrend des laufendem Programmes sehen und auf eine ganz neue Art und Weise interagieren. So funktioniert diese App: Zuerst wird die App aus einem der Standard-App-Stores herunter geladen und gestartet. Die Handy-Kamera wird auf dem TV-Bildschirm gerichtet, um ein bestimmtes Bildmerkmal zu erfassen und zu sammeln. Es ist einfach und intuitiv: sobald der Rahmen erscheint, &#8220;springt&#8221; das Bildmerkmal von selbst aus dem TV und fliegt 3D-animiert in das Smartphone oder Tablet. Sobald verschiedene Szenen gesammelt wurden, kann man sich an einem sozialen Quiz-Spiel beteiligen und Fragen beantworten, die spezifisch f\u00fcr diese Szene sind. QuiZcreen wurde bei Yes Satellite Israel verwendet, damit die Zuschauer erraten k\u00f6nnen, was in der n\u00e4chsten Show passieren wird. Die Zuschauer k\u00f6nnen das Spiel mehrmals spielen und mehr Szenen sammeln um an Gewinnspielen teilzunehmen. Die jeweiligen Erfolge k\u00f6nnen \u00fcber Social Medien ver\u00f6ffentlicht werden, um z.B. mit Freunden die Antworten zu vergleichen.\u00a0QuiZcreen ist die weltweit erste App, die das Sammeln von Coupons, Fragen und Preisen direkt aus dem TV heraus bietet. Game Features Sammeln von dutzend verschiedenen Szenen aus TV-Shows 3D-Animationen der Szenen, die aus dem TV \u201cspringen\u201d Beantwortung von Quizfragen, die zu den gesammelten Szenen passend sind Social-Media-Integration (Facebook, Twitter, Google+) Benachrichtigungen, wenn eine Antwort ver\u00f6ffentlicht wird Gewinn-Punkte \/ Preise \/ Gutscheine f\u00fcr richtige Antworten M\u00f6glichkeit, die Antworten mit Facebook-Freunden zu vergleichen Admin &amp; Markenzeichen Anpassbar f\u00fcr jede Art von Inhalt (TV-Serie, Film, Werbung, etc.) Sammelung von Nutzungsstatistiken und Benutzerdaten Admin-Oberfl\u00e4che f\u00fcr die Bearbeitung des Quizes Optional &#8211; Verwendung einer gebrandeten Infoseite in der App Technology &amp; Hardware Kompatibel mit allen g\u00e4ngigen mobilen Plattformen und Ger\u00e4ten Basierend nur auf Bildverarbeitung: keine Notwendigkeit eines Smart-TV oder Synchronisation mit einem zentralen Server Einfache Verwendbarkeit durch Jedermann Funktioniert auf jedem \u00dcbertragungskanal: Live, TiVo, VOD, Online-\u00dcbertragung usw.<\/p>\n","protected":false},"author":1,"featured_media":1080,"parent":817,"menu_order":0,"comment_status":"closed","ping_status":"closed","template":"","meta":[],"_links":{"self":[{"href":"https:\/\/www.makom.net\/index.php?rest_route=\/wp\/v2\/pages\/862"}],"collection":[{"href":"https:\/\/www.makom.net\/index.php?rest_route=\/wp\/v2\/pages"}],"about":[{"href":"https:\/\/www.makom.net\/index.php?rest_route=\/wp\/v2\/types\/page"}],"author":[{"embeddable":true,"href":"https:\/\/www.makom.net\/index.php?rest_route=\/wp\/v2\/users\/1"}],"replies":[{"embeddable":true,"href":"https:\/\/www.makom.net\/index.php?rest_route=%2Fwp%2Fv2%2Fcomments&post=862"}],"version-history":[{"count":7,"href":"https:\/\/www.makom.net\/index.php?rest_route=\/wp\/v2\/pages\/862\/revisions"}],"predecessor-version":[{"id":1117,"href":"https:\/\/www.makom.net\/index.php?rest_route=\/wp\/v2\/pages\/862\/revisions\/1117"}],"up":[{"embeddable":true,"href":"https:\/\/www.makom.net\/index.php?rest_route=\/wp\/v2\/pages\/817"}],"wp:featuredmedia":[{"embeddable":true,"href":"https:\/\/www.makom.net\/index.php?rest_route=\/wp\/v2\/media\/1080"}],"wp:attachment":[{"href":"https:\/\/www.makom.net\/index.php?rest_route=%2Fwp%2Fv2%2Fmedia&parent=862"}],"curies":[{"name":"wp","href":"https:\/\/api.w.org\/{rel}","templated":true}]}}