{"id":864,"date":"2013-09-27T11:04:12","date_gmt":"2013-09-27T11:04:12","guid":{"rendered":"http:\/\/makom.megaart.de\/?page_id=864"},"modified":"2014-01-16T13:06:38","modified_gmt":"2014-01-16T13:06:38","slug":"kollecteez-das-sammle-spiel","status":"publish","type":"page","link":"https:\/\/www.makom.net\/?page_id=864","title":{"rendered":"KollecteeZ"},"content":{"rendered":"<p dir=\"ltr\"><span style=\"font-family: arial, helvetica, sans-serif;\"><\/p>\n<div style=\"max-width:680px;\" ><iframe src=\"http:\/\/www.youtube.com\/embed\/jSgD-9fnUHY\">http:\/\/www.youtube.com\/watch?wmode=transparent\" width=\"680\" height=\"480\" ><\/iframe><\/div>\n<p><\/span><\/p>\n<p>&nbsp;<\/p>\n<p dir=\"ltr\"><span style=\"font-family: arial, helvetica, sans-serif;\">Ein &#8220;Sammel &amp; Tausch\u201d-Spiel als besondere W\u00fcrze eines Events:<br \/>\n<\/span><\/p>\n<p dir=\"ltr\"><span style=\"font-family: arial, helvetica, sans-serif;\">Consumer sammeln 3D-Objekte aus der realen Welt in ihre Handys &#8211; dann teilen und tauschen sie sie mit Freunden.<\/span><\/p>\n<h3 dir=\"ltr\"><span style=\"font-family: arial, helvetica, sans-serif;\">Vorteile:<\/span><\/h3>\n<ul>\n<li dir=\"ltr\">\n<p dir=\"ltr\"><span style=\"font-family: arial, helvetica, sans-serif;\">Sie machen ihe Kunden mit ihren Anzeigen vertraut<br \/>\n<\/span><\/p>\n<\/li>\n<li dir=\"ltr\">\n<p dir=\"ltr\"><span style=\"font-family: arial, helvetica, sans-serif;\">Sie ziehen die Besucher zu ihren Points of Sale<\/span><\/p>\n<\/li>\n<li dir=\"ltr\">\n<p dir=\"ltr\"><span style=\"font-family: arial, helvetica, sans-serif;\">Sie nutzen die Aufmerksamkeit der Social-Media und der interaktiven Welt<\/span><\/p>\n<\/li>\n<li dir=\"ltr\">\n<p dir=\"ltr\"><span style=\"font-family: arial, helvetica, sans-serif;\">Verkaufsf\u00f6rderung mit innovativen Coupons<\/span><\/p>\n<\/li>\n<\/ul>\n<p>&nbsp;<\/p>\n<h3 dir=\"ltr\"><span style=\"font-family: arial, helvetica, sans-serif;\">Features:<\/span><\/h3>\n<ul>\n<li dir=\"ltr\">\n<p dir=\"ltr\"><span style=\"font-family: arial, helvetica, sans-serif;\">3D-animierte Objekten fliegen in das Kundenger\u00e4t<\/span><\/p>\n<\/li>\n<li dir=\"ltr\">\n<p dir=\"ltr\"><span style=\"font-family: arial, helvetica, sans-serif;\">Objekte sind leicht teilbar mit Freunden<\/span><\/p>\n<\/li>\n<li dir=\"ltr\">\n<p dir=\"ltr\"><span style=\"font-family: arial, helvetica, sans-serif;\">Tausch mit Facebook-Freunden m\u00f6glich<\/span><\/p>\n<\/li>\n<\/ul>\n<h3 dir=\"ltr\"><span style=\"font-family: arial, helvetica, sans-serif;\">Was ist KollecteeZ?<\/span><\/h3>\n<p dir=\"ltr\"><span style=\"font-family: arial,helvetica,sans-serif;\">Es gibt nicht viele Spiele, die \u00a0f\u00fcr gro\u00dfe Kampagnen geeignet sind. Noch weniger beinhalten die WOW-Effekte von Augmented Reality und den Nervenkitzel eines Wettbewerbs. KollecteeZ ist eines dieser Spiele, eine uneingeschr\u00e4nkte, Branding geeignete &#8220;Sammel-und-Tausch&#8221;-App. Spieler sind angehalten, eine Reihe von Artikeln aus der realen Welt mit ihren Handy zu sammeln &#8211; es k\u00f6nnen Abzeichen, Karten, Puppen, etc. sein, die speziell f\u00fcr Ihre Marke entwickelt wurden.<\/span><\/p>\n<p dir=\"ltr\"><span style=\"font-family: arial,helvetica,sans-serif;\">Sammeln ist einfach &#8211; richten Sie die Kamera auf ein Element, tippen Sie auf den Bildschirm und beobachten Sie, wie die Artikel direkt in das Telefon gelangen, in einer beeindruckenden 3D-Animation! Werbefl\u00e4chen, Verpackungen, Zeitschriften, TV-Spots, etc. &#8211; alle diese Vorlagen k\u00f6nnen zum Sammeln genutzt werden. Die gesammelten Gegenst\u00e4nde k\u00f6nnen auch als virtuelle Coupons funktionieren &#8211; diese k\u00f6nnen von jedem Bildmaterial, von Zeitschrift, \u00fcber Prospekt bis hin zum TV-Monitor gesammelt werden.<\/span><\/p>\n<h3 dir=\"ltr\"><span style=\"font-family: arial,helvetica,sans-serif;\">KollecteeZ verbindet<br \/>\n<\/span><\/h3>\n<p dir=\"ltr\"><span style=\"font-family: arial,helvetica,sans-serif;\">KollecteeZ sammeln nicht nur einzelnen Inhalte &#8211; man vervollst\u00e4ndigt eine komplette Serie durch das Sammeln von Gegenst\u00e4nden und den Tausch dieser mit den Freunden. Es ist eigentlich eine digitale Version &#8220;sammeln &amp; handeln&#8221; Spielen, wie das klassische Sammeln von Rabattkarten oder Briefmarken. Das ist der soziale und virale Aspekt des Spiels.Die gesammelten Gegenst\u00e4nde k\u00f6nnen mit realen Personen oder Facebook-Freunden getauscht werden. Wenn alle Sammelpunkte erreicht werden, kann ein Preis gewonnen werden oder auch ein Champion-Titel.<\/span><\/p>\n<p dir=\"ltr\"><span style=\"font-family: arial,helvetica,sans-serif;\">Als Kampagnen-Manager k\u00f6nnen Sie die Regeln des Spiels definieren: Was soll gesammelt werden? Wer gewinnt? Was sind die Preise, etc. Und nat\u00fcrlich sind alle diese Leistungen auf sozialen Medien teilbar, damit ein Gespr\u00e4ch \u00fcber Ihre Marke entstehen kann.<\/span><\/p>\n<p dir=\"ltr\"><span style=\"font-family: arial,helvetica,sans-serif;\">Das Beste an dieser Technologie ist, dass sie keine besonderen Installationen erfordert! Sie k\u00f6nnen mit den visuellen Elementen arbeiten, die bereits zu ihren Produkten, Plakatkampagnen oder TV-Spots existieren. Aber auch jedes andere Objekt oder Bild, das mit ihrer Marke zusammenh\u00e4ngt, ist einsetzbar.<\/span><\/p>\n<h3 dir=\"ltr\"><span style=\"font-family: arial,helvetica,sans-serif;\">Game Features<\/span><\/h3>\n<ul>\n<li dir=\"ltr\">\n<p dir=\"ltr\"><span style=\"font-family: arial,helvetica,sans-serif;\">Sammeln vieler unterschiedlicher Elemente<\/span><\/p>\n<\/li>\n<li dir=\"ltr\">\n<p dir=\"ltr\"><span style=\"font-family: arial,helvetica,sans-serif;\">Coole 3D-Animationen von Produkten; diese springen animiert aus der realen Welt in das mobile Ger\u00e4t des Kunden<\/span><\/p>\n<\/li>\n<li dir=\"ltr\">\n<p dir=\"ltr\"><span style=\"font-family: arial,helvetica,sans-serif;\">Leichtes Tauschen mit benachbarten Ger\u00e4ten oder Facebook-Freunden<\/span><\/p>\n<\/li>\n<li dir=\"ltr\">\n<p dir=\"ltr\"><span style=\"font-family: arial,helvetica,sans-serif;\">Gesammelte Gegenst\u00e4nde k\u00f6nnen wie Coupons verwendet werden<\/span><\/p>\n<\/li>\n<li dir=\"ltr\">\n<p dir=\"ltr\"><span style=\"font-family: arial,helvetica,sans-serif;\">Mit GPS k\u00f6nnen bestimmte Sammel-Elemente nur in bestimmten Zonen zug\u00e4nglich gemacht werden<\/span><\/p>\n<\/li>\n<\/ul>\n<h3 dir=\"ltr\"><span style=\"font-family: arial,helvetica,sans-serif;\">Admin Merkmale<\/span><\/h3>\n<ul>\n<li dir=\"ltr\">\n<p dir=\"ltr\"><span style=\"font-family: arial,helvetica,sans-serif;\">Leichtes aktualisieren der Sammel-Elemente<\/span><\/p>\n<\/li>\n<li dir=\"ltr\">\n<p dir=\"ltr\"><span style=\"font-family: arial,helvetica,sans-serif;\">Definieren Sie die Regeln des Spiels und die m\u00f6glichen Leistung<\/span><\/p>\n<\/li>\n<li dir=\"ltr\">\n<p dir=\"ltr\"><span style=\"font-family: arial,helvetica,sans-serif;\">Verwaltung gesammelter Coupons und Identifizierung des Sammlers<\/span><\/p>\n<\/li>\n<\/ul>\n<h3 dir=\"ltr\"><span style=\"font-family: arial,helvetica,sans-serif;\">Technology &amp; Hardware<\/span><\/h3>\n<ul>\n<li dir=\"ltr\">\n<p dir=\"ltr\"><span style=\"font-family: arial,helvetica,sans-serif;\">Multi-Plattform: Apps f\u00fcr iOS, Android, Blackberry und Windows Mobile-Ger\u00e4te (Handys &amp; Tablets)<\/span><\/p>\n<\/li>\n<li dir=\"ltr\">\n<p dir=\"ltr\"><span style=\"font-family: arial,helvetica,sans-serif;\">Keine Notwendigkeit f\u00fcr zus\u00e4tzliche Hardware<\/span><\/p>\n<\/li>\n<\/ul>\n","protected":false},"excerpt":{"rendered":"<p>&nbsp; Ein &#8220;Sammel &amp; Tausch\u201d-Spiel als besondere W\u00fcrze eines Events: Consumer sammeln 3D-Objekte aus der realen Welt in ihre Handys &#8211; dann teilen und tauschen sie sie mit Freunden. Vorteile: Sie machen ihe Kunden mit ihren Anzeigen vertraut Sie ziehen die Besucher zu ihren Points of Sale Sie nutzen die Aufmerksamkeit der Social-Media und der interaktiven Welt Verkaufsf\u00f6rderung mit innovativen Coupons &nbsp; Features: 3D-animierte Objekten fliegen in das Kundenger\u00e4t Objekte sind leicht teilbar mit Freunden Tausch mit Facebook-Freunden m\u00f6glich Was ist KollecteeZ? Es gibt nicht viele Spiele, die \u00a0f\u00fcr gro\u00dfe Kampagnen geeignet sind. Noch weniger beinhalten die WOW-Effekte von Augmented Reality und den Nervenkitzel eines Wettbewerbs. KollecteeZ ist eines dieser Spiele, eine uneingeschr\u00e4nkte, Branding geeignete &#8220;Sammel-und-Tausch&#8221;-App. Spieler sind angehalten, eine Reihe von Artikeln aus der realen Welt mit ihren Handy zu sammeln &#8211; es k\u00f6nnen Abzeichen, Karten, Puppen, etc. sein, die speziell f\u00fcr Ihre Marke entwickelt wurden. Sammeln ist einfach &#8211; richten Sie die Kamera auf ein Element, tippen Sie auf den Bildschirm und beobachten Sie, wie die Artikel direkt in das Telefon gelangen, in einer beeindruckenden 3D-Animation! Werbefl\u00e4chen, Verpackungen, Zeitschriften, TV-Spots, etc. &#8211; alle diese Vorlagen k\u00f6nnen zum Sammeln genutzt werden. Die gesammelten Gegenst\u00e4nde k\u00f6nnen auch als virtuelle Coupons funktionieren &#8211; diese k\u00f6nnen von jedem Bildmaterial, von Zeitschrift, \u00fcber Prospekt bis hin zum TV-Monitor gesammelt werden. KollecteeZ verbindet KollecteeZ sammeln nicht nur einzelnen Inhalte &#8211; man vervollst\u00e4ndigt eine komplette Serie durch das Sammeln von Gegenst\u00e4nden und den Tausch dieser mit den Freunden. Es ist eigentlich eine digitale Version &#8220;sammeln &amp; handeln&#8221; Spielen, wie das klassische Sammeln von Rabattkarten oder Briefmarken. Das ist der soziale und virale Aspekt des Spiels.Die gesammelten Gegenst\u00e4nde k\u00f6nnen mit realen Personen oder Facebook-Freunden getauscht werden. Wenn alle Sammelpunkte erreicht werden, kann ein Preis gewonnen werden oder auch ein Champion-Titel. Als Kampagnen-Manager k\u00f6nnen Sie die Regeln des Spiels definieren: Was soll gesammelt werden? Wer gewinnt? Was sind die Preise, etc. Und nat\u00fcrlich sind alle diese Leistungen auf sozialen Medien teilbar, damit ein Gespr\u00e4ch \u00fcber Ihre Marke entstehen kann. Das Beste an dieser Technologie ist, dass sie keine besonderen Installationen erfordert! Sie k\u00f6nnen mit den visuellen Elementen arbeiten, die bereits zu ihren Produkten, Plakatkampagnen oder TV-Spots existieren. Aber auch jedes andere Objekt oder Bild, das mit ihrer Marke zusammenh\u00e4ngt, ist einsetzbar. Game Features Sammeln vieler unterschiedlicher Elemente Coole 3D-Animationen von Produkten; diese springen animiert aus der realen Welt in das mobile Ger\u00e4t des Kunden Leichtes Tauschen mit benachbarten Ger\u00e4ten oder Facebook-Freunden Gesammelte Gegenst\u00e4nde k\u00f6nnen wie Coupons verwendet werden Mit GPS k\u00f6nnen bestimmte Sammel-Elemente nur in bestimmten Zonen zug\u00e4nglich gemacht werden Admin Merkmale Leichtes aktualisieren der Sammel-Elemente Definieren Sie die Regeln des Spiels und die m\u00f6glichen Leistung Verwaltung gesammelter Coupons und Identifizierung des Sammlers Technology &amp; Hardware Multi-Plattform: Apps f\u00fcr iOS, Android, Blackberry und Windows Mobile-Ger\u00e4te (Handys &amp; Tablets) Keine Notwendigkeit f\u00fcr zus\u00e4tzliche Hardware<\/p>\n","protected":false},"author":1,"featured_media":901,"parent":817,"menu_order":0,"comment_status":"closed","ping_status":"closed","template":"","meta":[],"_links":{"self":[{"href":"https:\/\/www.makom.net\/index.php?rest_route=\/wp\/v2\/pages\/864"}],"collection":[{"href":"https:\/\/www.makom.net\/index.php?rest_route=\/wp\/v2\/pages"}],"about":[{"href":"https:\/\/www.makom.net\/index.php?rest_route=\/wp\/v2\/types\/page"}],"author":[{"embeddable":true,"href":"https:\/\/www.makom.net\/index.php?rest_route=\/wp\/v2\/users\/1"}],"replies":[{"embeddable":true,"href":"https:\/\/www.makom.net\/index.php?rest_route=%2Fwp%2Fv2%2Fcomments&post=864"}],"version-history":[{"count":6,"href":"https:\/\/www.makom.net\/index.php?rest_route=\/wp\/v2\/pages\/864\/revisions"}],"predecessor-version":[{"id":1121,"href":"https:\/\/www.makom.net\/index.php?rest_route=\/wp\/v2\/pages\/864\/revisions\/1121"}],"up":[{"embeddable":true,"href":"https:\/\/www.makom.net\/index.php?rest_route=\/wp\/v2\/pages\/817"}],"wp:featuredmedia":[{"embeddable":true,"href":"https:\/\/www.makom.net\/index.php?rest_route=\/wp\/v2\/media\/901"}],"wp:attachment":[{"href":"https:\/\/www.makom.net\/index.php?rest_route=%2Fwp%2Fv2%2Fmedia&parent=864"}],"curies":[{"name":"wp","href":"https:\/\/api.w.org\/{rel}","templated":true}]}}