{"id":887,"date":"2013-09-27T16:31:12","date_gmt":"2013-09-27T16:31:12","guid":{"rendered":"http:\/\/makom.megaart.de\/?page_id=887"},"modified":"2013-09-27T16:50:17","modified_gmt":"2013-09-27T16:50:17","slug":"shnigg-shopping-walls","status":"publish","type":"page","link":"https:\/\/www.makom.net\/?page_id=887","title":{"rendered":"Vibion &#8211; shnigg Shopping-Walls"},"content":{"rendered":"<h3><span style=\"font-family: arial, helvetica, sans-serif;\">Die Idee<\/span><\/h3>\n<p><span style=\"font-family: arial, helvetica, sans-serif;\">Hallo bei shnigg &#8211; dem Plakat, das verkauft! Oder Ihrem Webshop auf der Stra\u00dfe. Erfahren Sie hier mehr \u00fcber einen innovativen Vertriebskanal und Ihr Entr\u00e9e in den mobilen Commerce.<\/span><\/p>\n<h3><a href=\"http:\/\/makom.megaart.de\/wp-content\/uploads\/2013\/09\/slide2.jpg\"><img loading=\"lazy\" class=\"alignnone size-full wp-image-891\" alt=\"shnigg-Wall Shop\" src=\"http:\/\/makom.megaart.de\/wp-content\/uploads\/2013\/09\/slide2.jpg\" width=\"458\" height=\"280\" srcset=\"https:\/\/www.makom.net\/wp-content\/uploads\/2013\/09\/slide2.jpg 458w, https:\/\/www.makom.net\/wp-content\/uploads\/2013\/09\/slide2-200x122.jpg 200w, https:\/\/www.makom.net\/wp-content\/uploads\/2013\/09\/slide2-400x244.jpg 400w\" sizes=\"(max-width: 458px) 100vw, 458px\" \/><\/a><\/h3>\n<h3><span style=\"font-family: arial, helvetica, sans-serif;\">Mehr Fl\u00e4che &#8211; mehr Umsatz<\/span><\/h3>\n<p><span style=\"font-family: arial, helvetica, sans-serif;\">Mehr verkaufsaktive Fl\u00e4chen f\u00fcr den Einzelhandel &#8211; an Orten, wo Kunden sind. Das ist das Konzept, das hinter shnigg-Shoppingwalls steht. Dies realisieren wir an hochfrequenten mobilen Wartezonen, wie zum Beispiel an Bahnh\u00f6fen, Busbahnh\u00f6fen oder Flughafenterminals.<\/span><\/p>\n<p><span style=\"font-family: arial, helvetica, sans-serif;\">Shoppingwalls sind Plakatfl\u00e4chen, meist gestaltet in Art einer POS Produktpr\u00e4sentation. Jedes Produkt versehen wir mit einem QR-Code(Quick-Response-Code). Scannt der Kunde diesen Code mit dem Smartphone, kann er den Artikel in den Warenkorb klicken und direkt online kaufen. Alternativ merkt der Kunde die Artikel vor und bestellt sp\u00e4ter in Ruhe von Zuhause.<\/span><\/p>\n<h3><a href=\"http:\/\/makom.megaart.de\/wp-content\/uploads\/2013\/09\/slide3.jpg\"><img loading=\"lazy\" class=\"alignnone size-full wp-image-893\" alt=\"shnigg - Wall shop 2\" src=\"http:\/\/makom.megaart.de\/wp-content\/uploads\/2013\/09\/slide3.jpg\" width=\"448\" height=\"280\" srcset=\"https:\/\/www.makom.net\/wp-content\/uploads\/2013\/09\/slide3.jpg 448w, https:\/\/www.makom.net\/wp-content\/uploads\/2013\/09\/slide3-200x125.jpg 200w, https:\/\/www.makom.net\/wp-content\/uploads\/2013\/09\/slide3-400x250.jpg 400w\" sizes=\"(max-width: 448px) 100vw, 448px\" \/><\/a><\/h3>\n<h3><span style=\"font-family: arial, helvetica, sans-serif;\">Wie er\u00f6ffne ich einen shnigg-shop?<\/span><\/h3>\n<div><span style=\"font-family: arial, helvetica, sans-serif;\">Shnigg-Shopping macht m-commerce Einstieg f\u00fcr kleine und mittlere Unternehmen einfach. In der Regel reichten zwei bis drei Sitzungen und ein elektronischer Katalog, um auf unserer m-commerce-Infrastruktur ihren Shnigg-Shop zu er\u00f6ffnen. Zu Projektstart kl\u00e4ren wir alle wichtige Eckdaten: Soll ein Sortiment langfristig, saisonal oder kurzfristig als Aktion angeboten werden? Welches sind geeignete Standorte? Welches die bevorzugte Payment-L\u00f6sung? Weiter \u00fcbernehmen wir Gestaltung und Medienproduktion, sowie Selektion und Buchung der Standorte.\u00a0<\/span><\/div>\n<p><span style=\"font-family: arial, helvetica, sans-serif;\">Die Vibion bietet hier eine IT-Komplettl\u00f6sung an, sie brauchen lediglich einen elektronischen Katalog und Produktabbildungen. Eingehende Bestellungen k\u00f6nnen sie in ihrem H\u00e4ndlerbereich selbst abwickeln. Dort finden sie die, f\u00fcr den online Vertrieb \u00fcblichen Funktionen vom Bestelleingang bis zur Rechnung.\u00a0<\/span><\/p>\n<p><span style=\"font-family: arial, helvetica, sans-serif;\">Die Shnigg m-commerce L\u00f6sung ist mit verschiedenen Branding-Optionen buchbar: Vom Standard-Shop bis hin zum vollst\u00e4ndig gebrandeten und funktional angepassten mobilen Warenkorb mit Schnittstelle zu ihrer Warenwirtschaft. Auch die Streuung der Shopping-Medien ist dimensionierbar, von der Litfa\u00dfs\u00e4ule an der Ecke bis hin zur bundesweiten Schaltung. Die Vibion bietet dar\u00fcber hinaus weitere, optionale Leistungen, wie Fotografie, Copywriting und Programmierung.<\/span><\/p>\n","protected":false},"excerpt":{"rendered":"<p>Die Idee Hallo bei shnigg &#8211; dem Plakat, das verkauft! Oder Ihrem Webshop auf der Stra\u00dfe. Erfahren Sie hier mehr \u00fcber einen innovativen Vertriebskanal und Ihr Entr\u00e9e in den mobilen Commerce. Mehr Fl\u00e4che &#8211; mehr Umsatz Mehr verkaufsaktive Fl\u00e4chen f\u00fcr den Einzelhandel &#8211; an Orten, wo Kunden sind. Das ist das Konzept, das hinter shnigg-Shoppingwalls steht. Dies realisieren wir an hochfrequenten mobilen Wartezonen, wie zum Beispiel an Bahnh\u00f6fen, Busbahnh\u00f6fen oder Flughafenterminals. Shoppingwalls sind Plakatfl\u00e4chen, meist gestaltet in Art einer POS Produktpr\u00e4sentation. Jedes Produkt versehen wir mit einem QR-Code(Quick-Response-Code). Scannt der Kunde diesen Code mit dem Smartphone, kann er den Artikel in den Warenkorb klicken und direkt online kaufen. Alternativ merkt der Kunde die Artikel vor und bestellt sp\u00e4ter in Ruhe von Zuhause. Wie er\u00f6ffne ich einen shnigg-shop? Shnigg-Shopping macht m-commerce Einstieg f\u00fcr kleine und mittlere Unternehmen einfach. In der Regel reichten zwei bis drei Sitzungen und ein elektronischer Katalog, um auf unserer m-commerce-Infrastruktur ihren Shnigg-Shop zu er\u00f6ffnen. Zu Projektstart kl\u00e4ren wir alle wichtige Eckdaten: Soll ein Sortiment langfristig, saisonal oder kurzfristig als Aktion angeboten werden? Welches sind geeignete Standorte? Welches die bevorzugte Payment-L\u00f6sung? Weiter \u00fcbernehmen wir Gestaltung und Medienproduktion, sowie Selektion und Buchung der Standorte.\u00a0 Die Vibion bietet hier eine IT-Komplettl\u00f6sung an, sie brauchen lediglich einen elektronischen Katalog und Produktabbildungen. Eingehende Bestellungen k\u00f6nnen sie in ihrem H\u00e4ndlerbereich selbst abwickeln. Dort finden sie die, f\u00fcr den online Vertrieb \u00fcblichen Funktionen vom Bestelleingang bis zur Rechnung.\u00a0 Die Shnigg m-commerce L\u00f6sung ist mit verschiedenen Branding-Optionen buchbar: Vom Standard-Shop bis hin zum vollst\u00e4ndig gebrandeten und funktional angepassten mobilen Warenkorb mit Schnittstelle zu ihrer Warenwirtschaft. Auch die Streuung der Shopping-Medien ist dimensionierbar, von der Litfa\u00dfs\u00e4ule an der Ecke bis hin zur bundesweiten Schaltung. Die Vibion bietet dar\u00fcber hinaus weitere, optionale Leistungen, wie Fotografie, Copywriting und Programmierung.<\/p>\n","protected":false},"author":1,"featured_media":0,"parent":796,"menu_order":0,"comment_status":"closed","ping_status":"closed","template":"","meta":[],"_links":{"self":[{"href":"https:\/\/www.makom.net\/index.php?rest_route=\/wp\/v2\/pages\/887"}],"collection":[{"href":"https:\/\/www.makom.net\/index.php?rest_route=\/wp\/v2\/pages"}],"about":[{"href":"https:\/\/www.makom.net\/index.php?rest_route=\/wp\/v2\/types\/page"}],"author":[{"embeddable":true,"href":"https:\/\/www.makom.net\/index.php?rest_route=\/wp\/v2\/users\/1"}],"replies":[{"embeddable":true,"href":"https:\/\/www.makom.net\/index.php?rest_route=%2Fwp%2Fv2%2Fcomments&post=887"}],"version-history":[{"count":4,"href":"https:\/\/www.makom.net\/index.php?rest_route=\/wp\/v2\/pages\/887\/revisions"}],"predecessor-version":[{"id":894,"href":"https:\/\/www.makom.net\/index.php?rest_route=\/wp\/v2\/pages\/887\/revisions\/894"}],"up":[{"embeddable":true,"href":"https:\/\/www.makom.net\/index.php?rest_route=\/wp\/v2\/pages\/796"}],"wp:attachment":[{"href":"https:\/\/www.makom.net\/index.php?rest_route=%2Fwp%2Fv2%2Fmedia&parent=887"}],"curies":[{"name":"wp","href":"https:\/\/api.w.org\/{rel}","templated":true}]}}