{"id":949,"date":"2013-10-24T15:59:44","date_gmt":"2013-10-24T15:59:44","guid":{"rendered":"http:\/\/makom.megaart.de\/?page_id=949"},"modified":"2020-09-29T09:48:28","modified_gmt":"2020-09-29T09:48:28","slug":"outform","status":"publish","type":"page","link":"https:\/\/www.makom.net\/?page_id=949","title":{"rendered":"Ambient Media"},"content":{"rendered":"<p><span style=\"font-family: arial, helvetica, sans-serif; font-size: 12px;\">Wir entwickelen und produzieren mit unsere Partnern ma\u00dfgeschneiderte Produkte, um Ihren Instore-Markt zu unterst\u00fctzen. Das erfolgreiche Team aus talentierten Designern, Ingenieuren und Herstellern hat jahrelange Erfahrung in der Entwicklung und Fertigung von 3D-Objekten, f\u00fcr zahlreiche globale Marken in den Bereichen Outdoor Event Displays, In-store POS-Displays und Digitale Dispalys.<\/span><\/p>\n<p><span style=\"font-family: arial, helvetica, sans-serif; font-size: 12px;\">F\u00fcr weltweite Kampagnen bieten Wir Full-Service-Leistungen:<\/span><\/p>\n<p><span style=\"font-family: arial, helvetica, sans-serif; font-size: 12px;\">Kreativl\u00f6sungen und Projektmanagement sowie die konsequente Umsetzung Ihrer Unternehmensvisionen, komplexe Werbe- und Marketingkonzepte bis zur Media-Ausf\u00fchrung.<\/span><\/p>\n","protected":false},"excerpt":{"rendered":"<p>Wir entwickelen und produzieren mit unsere Partnern ma\u00dfgeschneiderte Produkte, um Ihren Instore-Markt zu unterst\u00fctzen. Das erfolgreiche Team aus talentierten Designern, Ingenieuren und Herstellern hat jahrelange Erfahrung in der Entwicklung und Fertigung von 3D-Objekten, f\u00fcr zahlreiche globale Marken in den Bereichen Outdoor Event Displays, In-store POS-Displays und Digitale Dispalys. F\u00fcr weltweite Kampagnen bieten Wir Full-Service-Leistungen: Kreativl\u00f6sungen und Projektmanagement sowie die konsequente Umsetzung Ihrer Unternehmensvisionen, komplexe Werbe- und Marketingkonzepte bis zur Media-Ausf\u00fchrung.<\/p>\n","protected":false},"author":1,"featured_media":0,"parent":0,"menu_order":0,"comment_status":"closed","ping_status":"closed","template":"","meta":[],"_links":{"self":[{"href":"https:\/\/www.makom.net\/index.php?rest_route=\/wp\/v2\/pages\/949"}],"collection":[{"href":"https:\/\/www.makom.net\/index.php?rest_route=\/wp\/v2\/pages"}],"about":[{"href":"https:\/\/www.makom.net\/index.php?rest_route=\/wp\/v2\/types\/page"}],"author":[{"embeddable":true,"href":"https:\/\/www.makom.net\/index.php?rest_route=\/wp\/v2\/users\/1"}],"replies":[{"embeddable":true,"href":"https:\/\/www.makom.net\/index.php?rest_route=%2Fwp%2Fv2%2Fcomments&post=949"}],"version-history":[{"count":4,"href":"https:\/\/www.makom.net\/index.php?rest_route=\/wp\/v2\/pages\/949\/revisions"}],"predecessor-version":[{"id":10716,"href":"https:\/\/www.makom.net\/index.php?rest_route=\/wp\/v2\/pages\/949\/revisions\/10716"}],"wp:attachment":[{"href":"https:\/\/www.makom.net\/index.php?rest_route=%2Fwp%2Fv2%2Fmedia&parent=949"}],"curies":[{"name":"wp","href":"https:\/\/api.w.org\/{rel}","templated":true}]}}